{"id":75,"date":"2021-05-12T20:30:58","date_gmt":"2021-05-12T20:30:58","guid":{"rendered":"https:\/\/pontualconservadora.com.br\/site\/?page_id=75"},"modified":"2021-12-09T13:20:54","modified_gmt":"2021-12-09T13:20:54","slug":"sanitizacao-de-ambientes","status":"publish","type":"page","link":"https:\/\/pontualconservadora.com.br\/site\/sanitizacao-de-ambientes\/","title":{"rendered":"Sanitiza\u00e7\u00e3o de Ambientes"},"content":{"rendered":"<p>[et_pb_section fb_built=&#8221;1&#8243; _builder_version=&#8221;4.9.4&#8243; _module_preset=&#8221;default&#8221; background_enable_color=&#8221;off&#8221; use_background_color_gradient=&#8221;on&#8221; background_color_gradient_start=&#8221;#333244&#8243; background_color_gradient_end=&#8221;#4ca5be&#8221; background_color_gradient_direction=&#8221;90deg&#8221; global_colors_info=&#8221;{}&#8221;][et_pb_row _builder_version=&#8221;4.9.4&#8243; _module_preset=&#8221;default&#8221; global_colors_info=&#8221;{}&#8221;][et_pb_column type=&#8221;4_4&#8243; _builder_version=&#8221;4.9.4&#8243; _module_preset=&#8221;default&#8221; global_colors_info=&#8221;{}&#8221;][et_pb_text _builder_version=&#8221;4.14.2&#8243; _module_preset=&#8221;default&#8221; header_font=&#8221;|600||on|||||&#8221; header_text_align=&#8221;center&#8221; header_text_color=&#8221;#FFFFFF&#8221; header_font_size=&#8221;56px&#8221; hover_enabled=&#8221;0&#8243; global_colors_info=&#8221;{}&#8221; header_font_size_last_edited=&#8221;on|phone&#8221; sticky_enabled=&#8221;0&#8243; header_font_size_phone=&#8221;34px&#8221; header_font_size_tablet=&#8221;56px&#8221;]<\/p>\n<h1>SANITIZA\u00c7\u00c3O DE AMBIENTES<\/h1>\n<p>[\/et_pb_text][\/et_pb_column][\/et_pb_row][\/et_pb_section][et_pb_section fb_built=&#8221;1&#8243; _builder_version=&#8221;4.9.4&#8243; _module_preset=&#8221;default&#8221; global_colors_info=&#8221;{}&#8221;][et_pb_row _builder_version=&#8221;4.9.4&#8243; _module_preset=&#8221;default&#8221; global_colors_info=&#8221;{}&#8221;][et_pb_column type=&#8221;4_4&#8243; _builder_version=&#8221;4.9.4&#8243; _module_preset=&#8221;default&#8221; global_colors_info=&#8221;{}&#8221;][et_pb_image src=&#8221;https:\/\/pontualconservadora.com.br\/site\/wp-content\/uploads\/2021\/05\/sanitizacao-ambientes-int.jpg&#8221; alt=&#8221;Sanitiza\u00e7\u00e3o de Ambientes&#8221; title_text=&#8221;sanitizacao-ambientes-int&#8221; _builder_version=&#8221;4.9.4&#8243; _module_preset=&#8221;default&#8221; global_colors_info=&#8221;{}&#8221;][\/et_pb_image][\/et_pb_column][\/et_pb_row][et_pb_row _builder_version=&#8221;4.9.4&#8243; _module_preset=&#8221;default&#8221; global_colors_info=&#8221;{}&#8221;][et_pb_column type=&#8221;4_4&#8243; _builder_version=&#8221;4.9.4&#8243; _module_preset=&#8221;default&#8221; global_colors_info=&#8221;{}&#8221;][et_pb_text _builder_version=&#8221;4.9.4&#8243; _module_preset=&#8221;default&#8221; text_text_color=&#8221;#46485C&#8221; text_font_size=&#8221;20px&#8221; text_line_height=&#8221;1.6em&#8221; ul_font=&#8221;|||on|||||&#8221; ul_text_color=&#8221;#46485C&#8221; ul_font_size=&#8221;18px&#8221; ul_line_height=&#8221;1.5em&#8221; header_3_font=&#8221;|600||on|||||&#8221; header_3_text_color=&#8221;#00A09B&#8221; header_3_line_height=&#8221;1.6em&#8221; global_colors_info=&#8221;{}&#8221;]<\/p>\n<p>A <strong>Sanitiza\u00e7\u00e3o de Ambientes da Pontual<\/strong> consiste em um conjunto de t\u00e9cnicas utilizadas para eliminar v\u00edrus e bact\u00e9rias dos ambientes n\u00e3o permitindo que ele n\u00e3o seja foco de transmiss\u00e3o de doen\u00e7as.<\/p>\n<p>Contamos com uma <strong>equipe altamente treinada e capacitada<\/strong> para o servi\u00e7o que utiliza equipamentos vaporizadores que pulverizam nos ambientes uma solu\u00e7\u00e3o <strong>100% eficaz<\/strong> na elimina\u00e7\u00e3o do Coronav\u00edrus al\u00e9m de outros tipos de v\u00edrus, germes e bact\u00e9rias.<\/p>\n<p>&nbsp;<\/p>\n<h3>Servi\u00e7o indicado para:<\/h3>\n<ul>\n<li>Escolas<\/li>\n<li>Academias<\/li>\n<li>Resid\u00eancias<\/li>\n<li>Condom\u00ednios<\/li>\n<li>Escrit\u00f3rios<\/li>\n<li>Igrejas<\/li>\n<li>Outros ambientes com circula\u00e7\u00e3o de pessoas<\/li>\n<\/ul>\n<p>[\/et_pb_text][\/et_pb_column][\/et_pb_row][et_pb_row column_structure=&#8221;2_3,1_3&#8243; _builder_version=&#8221;4.14.2&#8243; _module_preset=&#8221;default&#8221; background_color=&#8221;#00A09B&#8221; hover_enabled=&#8221;0&#8243; border_radii=&#8221;off||250px|250px|&#8221; global_colors_info=&#8221;{}&#8221; border_radii_last_edited=&#8221;on|phone&#8221; sticky_enabled=&#8221;0&#8243; border_radii_phone=&#8221;off||200px|200px|&#8221; border_radii_tablet=&#8221;off||250px|250px|&#8221;][et_pb_column type=&#8221;2_3&#8243; _builder_version=&#8221;4.9.4&#8243; _module_preset=&#8221;default&#8221; global_colors_info=&#8221;{}&#8221;][et_pb_text _builder_version=&#8221;4.14.2&#8243; _module_preset=&#8221;default&#8221; header_2_font=&#8221;|700||on|||||&#8221; header_2_text_color=&#8221;#FFFFFF&#8221; header_2_font_size=&#8221;36px&#8221; header_2_line_height=&#8221;1.3em&#8221; custom_padding=&#8221;80px|||60px|false|false&#8221; hover_enabled=&#8221;0&#8243; global_colors_info=&#8221;{}&#8221; custom_padding_last_edited=&#8221;on|phone&#8221; sticky_enabled=&#8221;0&#8243; custom_padding_phone=&#8221;|||20px|false|false&#8221; header_2_font_size_last_edited=&#8221;on|phone&#8221; header_2_font_size_phone=&#8221;24px&#8221; custom_padding_tablet=&#8221;80px|||60px|false|false&#8221; header_2_font_size_tablet=&#8221;36px&#8221;]<\/p>\n<h2>Elimine agora qualquer Foco de transmiss\u00e3o do COVID-19 do seu ambiente.<\/h2>\n<p>[\/et_pb_text][\/et_pb_column][et_pb_column type=&#8221;1_3&#8243; _builder_version=&#8221;4.9.4&#8243; _module_preset=&#8221;default&#8221; global_colors_info=&#8221;{}&#8221;][et_pb_image src=&#8221;https:\/\/pontualconservadora.com.br\/site\/wp-content\/uploads\/2021\/05\/covid.png&#8221; alt=&#8221;Preven\u00e7\u00e3o da Covid&#8221; title_text=&#8221;sanitizacao&#8221; _builder_version=&#8221;4.9.4&#8243; _module_preset=&#8221;default&#8221; global_colors_info=&#8221;{}&#8221;][\/et_pb_image][\/et_pb_column][\/et_pb_row][et_pb_row column_structure=&#8221;2_3,1_3&#8243; _builder_version=&#8221;4.9.4&#8243; _module_preset=&#8221;default&#8221; custom_margin=&#8221;30px||5px||false|false&#8221; custom_padding=&#8221;||0px||false|false&#8221; global_colors_info=&#8221;{}&#8221;][et_pb_column type=&#8221;2_3&#8243; _builder_version=&#8221;4.9.4&#8243; _module_preset=&#8221;default&#8221; global_colors_info=&#8221;{}&#8221;][et_pb_text _builder_version=&#8221;4.9.4&#8243; _module_preset=&#8221;default&#8221; text_text_color=&#8221;#46485C&#8221; text_font_size=&#8221;20px&#8221; text_line_height=&#8221;1.6em&#8221; ul_font=&#8221;||||||||&#8221; ul_text_color=&#8221;#46485C&#8221; ul_font_size=&#8221;21px&#8221; ul_line_height=&#8221;1.7em&#8221; header_3_font=&#8221;|700||on|on||||&#8221; header_3_text_color=&#8221;#00A09B&#8221; header_3_font_size=&#8221;26px&#8221; header_3_line_height=&#8221;1.6em&#8221; global_colors_info=&#8221;{}&#8221;]<\/p>\n<h3>Aqui na Pontual voc\u00ea ainda encontra:<\/h3>\n<ul>\n<li>Assist\u00eancia antes e depois da execu\u00e7\u00e3o do servi\u00e7o;<\/li>\n<li>Disponibiliza\u00e7\u00e3o de produtos para retoque das \u00e1reas sanitizadas;<\/li>\n<li>Flexibilidade de hor\u00e1rios;<\/li>\n<li>Equipe treinada para deixar o ambiente totalmente limpo e higienizado;<\/li>\n<li><strong>Produtos certificados pela ANVISA.<\/strong><\/li>\n<\/ul>\n<p>[\/et_pb_text][\/et_pb_column][et_pb_column type=&#8221;1_3&#8243; _builder_version=&#8221;4.9.4&#8243; _module_preset=&#8221;default&#8221; global_colors_info=&#8221;{}&#8221;][et_pb_image src=&#8221;https:\/\/pontualconservadora.com.br\/site\/wp-content\/uploads\/2021\/05\/selo-ambiente-sanitizado.png&#8221; alt=&#8221;Selo Ambiente Sanitizado&#8221; title_text=&#8221;selo-ambiente-sanitizado&#8221; _builder_version=&#8221;4.9.4&#8243; _module_preset=&#8221;default&#8221; max_width=&#8221;250px&#8221; module_alignment=&#8221;center&#8221; custom_margin=&#8221;||0px||false|false&#8221; custom_padding=&#8221;||0px||false|false&#8221; global_colors_info=&#8221;{}&#8221;][\/et_pb_image][et_pb_text _builder_version=&#8221;4.9.4&#8243; _module_preset=&#8221;default&#8221; text_font=&#8221;|600||on|||||&#8221; text_text_color=&#8221;#46485C&#8221; text_font_size=&#8221;16px&#8221; text_line_height=&#8221;1.3em&#8221; text_orientation=&#8221;center&#8221; custom_margin=&#8221;10px||||false|false&#8221; global_colors_info=&#8221;{}&#8221;]<\/p>\n<p>Aplica\u00e7\u00e3o de selo exclusivo, demarcando os ambientes sanitizados.<\/p>\n<p>[\/et_pb_text][\/et_pb_column][\/et_pb_row][et_pb_row _builder_version=&#8221;4.9.4&#8243; _module_preset=&#8221;default&#8221; custom_margin=&#8221;||5px||false|false&#8221; custom_padding=&#8221;||0px||false|false&#8221; global_colors_info=&#8221;{}&#8221;][et_pb_column type=&#8221;4_4&#8243; _builder_version=&#8221;4.9.4&#8243; _module_preset=&#8221;default&#8221; global_colors_info=&#8221;{}&#8221;][et_pb_text _builder_version=&#8221;4.9.4&#8243; _module_preset=&#8221;default&#8221; text_font=&#8221;|600||on|||||&#8221; text_text_color=&#8221;#FFFFFF&#8221; text_font_size=&#8221;26px&#8221; text_line_height=&#8221;1.4em&#8221; background_enable_color=&#8221;off&#8221; use_background_color_gradient=&#8221;on&#8221; background_color_gradient_start=&#8221;#333244&#8243; background_color_gradient_end=&#8221;#4ca5be&#8221; background_color_gradient_direction=&#8221;90deg&#8221; text_orientation=&#8221;center&#8221; custom_margin=&#8221;||0px||false|false&#8221; custom_padding=&#8221;20px|40px|20px|40px|true|true&#8221; global_colors_info=&#8221;{}&#8221;]<\/p>\n<p>Possu\u00edmos Pacotes Especiais que podem ser personalizados de acordo com sua necessidade.<\/p>\n<p>[\/et_pb_text][\/et_pb_column][\/et_pb_row][et_pb_row column_structure=&#8221;1_2,1_2&#8243; _builder_version=&#8221;4.14.2&#8243; _module_preset=&#8221;default&#8221; custom_padding=&#8221;60px||||false|false&#8221; hover_enabled=&#8221;0&#8243; border_width_top=&#8221;2px&#8221; border_color_top=&#8221;#00A09B&#8221; global_colors_info=&#8221;{}&#8221; sticky_enabled=&#8221;0&#8243;][et_pb_column type=&#8221;1_2&#8243; _builder_version=&#8221;4.9.4&#8243; _module_preset=&#8221;default&#8221; global_colors_info=&#8221;{}&#8221;][et_pb_text _builder_version=&#8221;4.9.4&#8243; _module_preset=&#8221;default&#8221; header_3_font=&#8221;|700||on|||||&#8221; header_3_text_color=&#8221;#00A09B&#8221; global_colors_info=&#8221;{}&#8221;]<\/p>\n<h3>Solicite agora mesmo um Or\u00e7amento:<\/h3>\n<p>[\/et_pb_text][et_pb_blurb title=&#8221;(31) 3412 7114&#8243; use_icon=&#8221;on&#8221; font_icon=&#8221;&#xe090;||divi||400&#8243; icon_color=&#8221;#00A09B&#8221; icon_placement=&#8221;left&#8221; _builder_version=&#8221;4.13.0&#8243; _module_preset=&#8221;default&#8221; header_font=&#8221;|600|||||||&#8221; header_text_color=&#8221;#46485C&#8221; header_font_size=&#8221;28px&#8221; custom_margin=&#8221;0px||10px||false|false&#8221; custom_padding=&#8221;0px||0px||true|false&#8221; global_colors_info=&#8221;{}&#8221;][\/et_pb_blurb][et_pb_blurb title=&#8221;(31) 9805-4119&#8243; use_icon=&#8221;on&#8221; font_icon=&#8221;&#xe065;||divi||400&#8243; icon_color=&#8221;#00A09B&#8221; icon_placement=&#8221;left&#8221; _builder_version=&#8221;4.13.0&#8243; _module_preset=&#8221;default&#8221; header_font=&#8221;|600|||||||&#8221; header_text_color=&#8221;#46485C&#8221; header_font_size=&#8221;28px&#8221; custom_margin=&#8221;0px||10px||false|false&#8221; custom_padding=&#8221;0px||0px||true|false&#8221; global_colors_info=&#8221;{}&#8221;][\/et_pb_blurb][et_pb_blurb title=&#8221;comercial@pontualconservadora.com.br&#8221; use_icon=&#8221;on&#8221; font_icon=&#8221;&#xe076;||divi||400&#8243; icon_color=&#8221;#00A09B&#8221; icon_placement=&#8221;left&#8221; _builder_version=&#8221;4.14.2&#8243; _module_preset=&#8221;default&#8221; header_font=&#8221;|600|||||||&#8221; header_text_color=&#8221;#46485C&#8221; header_font_size=&#8221;18px&#8221; header_line_height=&#8221;1.7em&#8221; custom_margin=&#8221;0px||10px||false|false&#8221; custom_padding=&#8221;0px||0px||true|false&#8221; hover_enabled=&#8221;0&#8243; global_colors_info=&#8221;{}&#8221; header_font_size_last_edited=&#8221;on|phone&#8221; sticky_enabled=&#8221;0&#8243; header_font_size_phone=&#8221;13px&#8221; header_font_size_tablet=&#8221;18px&#8221;][\/et_pb_blurb][\/et_pb_column][et_pb_column type=&#8221;1_2&#8243; _builder_version=&#8221;4.14.2&#8243; _module_preset=&#8221;default&#8221; hover_enabled=&#8221;0&#8243; global_colors_info=&#8221;{}&#8221; custom_padding_last_edited=&#8221;on|phone&#8221; sticky_enabled=&#8221;0&#8243; custom_padding_phone=&#8221;||||false|false&#8221;][et_pb_text _builder_version=&#8221;4.9.4&#8243; _module_preset=&#8221;default&#8221; text_font=&#8221;|600||on|||||&#8221; text_text_color=&#8221;#46485C&#8221; text_font_size=&#8221;18px&#8221; custom_margin=&#8221;||||false|false&#8221; global_colors_info=&#8221;{}&#8221;]<\/p>\n<p>Ou Solicite um contato de nossos consultores:<\/p>\n<p>[\/et_pb_text][et_pb_code _builder_version=&#8221;4.14.2&#8243; _module_preset=&#8221;default&#8221; hover_enabled=&#8221;0&#8243; global_colors_info=&#8221;{}&#8221; width_last_edited=&#8221;on|phone&#8221; sticky_enabled=&#8221;0&#8243; width_phone=&#8221;100%&#8221; max_width=&#8221;100%&#8221;]\n<div class=\"wpcf7 no-js\" id=\"wpcf7-f96-o1\" lang=\"pt-BR\" dir=\"ltr\" data-wpcf7-id=\"96\">\n<div class=\"screen-reader-response\"><p role=\"status\" aria-live=\"polite\" aria-atomic=\"true\"><\/p> <ul><\/ul><\/div>\n<form action=\"\/site\/wp-json\/wp\/v2\/pages\/75#wpcf7-f96-o1\" method=\"post\" class=\"wpcf7-form init\" aria-label=\"Formul\u00e1rios de contato\" novalidate=\"novalidate\" data-status=\"init\">\n<div style=\"display: none;\">\n<input type=\"hidden\" name=\"_wpcf7\" value=\"96\" \/>\n<input type=\"hidden\" name=\"_wpcf7_version\" value=\"6.0.6\" \/>\n<input type=\"hidden\" name=\"_wpcf7_locale\" value=\"pt_BR\" \/>\n<input type=\"hidden\" name=\"_wpcf7_unit_tag\" value=\"wpcf7-f96-o1\" \/>\n<input type=\"hidden\" name=\"_wpcf7_container_post\" value=\"0\" \/>\n<input type=\"hidden\" name=\"_wpcf7_posted_data_hash\" value=\"\" \/>\n<input type=\"hidden\" name=\"_wpcf7_recaptcha_response\" value=\"\" \/>\n<\/div>\n<div class=\"form\">\n\t<p><label> Nome (obrigat\u00f3rio)<br \/>\n<span class=\"wpcf7-form-control-wrap\" data-name=\"your-name\"><input size=\"40\" maxlength=\"400\" class=\"wpcf7-form-control wpcf7-text wpcf7-validates-as-required txt\" aria-required=\"true\" aria-invalid=\"false\" value=\"\" type=\"text\" name=\"your-name\" \/><\/span> <\/label>\n\t<\/p>\n\t<p><label> E-mail (obrigat\u00f3rio)<br \/>\n<span class=\"wpcf7-form-control-wrap\" data-name=\"your-email\"><input size=\"40\" maxlength=\"400\" class=\"wpcf7-form-control wpcf7-email wpcf7-validates-as-required wpcf7-text wpcf7-validates-as-email txt\" aria-required=\"true\" aria-invalid=\"false\" value=\"\" type=\"email\" name=\"your-email\" \/><\/span> <\/label>\n\t<\/p>\n\t<p><label> Telefone de Contato (obrigat\u00f3rio)<br \/>\n<span class=\"wpcf7-form-control-wrap\" data-name=\"telefone\"><input size=\"40\" maxlength=\"400\" class=\"wpcf7-form-control wpcf7-text wpcf7-validates-as-required txt\" aria-required=\"true\" aria-invalid=\"false\" value=\"\" type=\"text\" name=\"telefone\" \/><\/span> <\/label>\n\t<\/p>\n<span class=\"wpcf7-form-control-wrap recaptcha\"><span data-sitekey=\"6LfsT9IaAAAAAEbYUBvp4OnMtRLDj2WN8DlIk91J\" class=\"wpcf7-form-control wpcf7-recaptcha g-recaptcha\"><\/span>\r\n<noscript>\r\n\t<div class=\"grecaptcha-noscript\">\r\n\t\t<iframe loading=\"lazy\" src=\"https:\/\/www.google.com\/recaptcha\/api\/fallback?k=6LfsT9IaAAAAAEbYUBvp4OnMtRLDj2WN8DlIk91J\" frameborder=\"0\" scrolling=\"no\" width=\"310\" height=\"430\">\r\n\t\t<\/iframe>\r\n\t\t<textarea name=\"g-recaptcha-response\" rows=\"3\" cols=\"40\" placeholder=\"reCaptcha Response Here\">\r\n\t\t<\/textarea>\r\n\t<\/div>\r\n<\/noscript>\r\n<\/span>\n\t<p><input class=\"wpcf7-form-control wpcf7-submit has-spinner btForm\" type=\"submit\" value=\"Enviar\" \/>\n\t<\/p>\n<\/div><div class=\"wpcf7-response-output\" aria-hidden=\"true\"><\/div>\n<\/form>\n<\/div>\n[\/et_pb_code][\/et_pb_column][\/et_pb_row][\/et_pb_section]<\/p>\n","protected":false},"excerpt":{"rendered":"<p>SANITIZA\u00c7\u00c3O DE AMBIENTESA Sanitiza\u00e7\u00e3o de Ambientes da Pontual consiste em um conjunto de t\u00e9cnicas utilizadas para eliminar v\u00edrus e bact\u00e9rias dos ambientes n\u00e3o permitindo que ele n\u00e3o seja foco de transmiss\u00e3o de doen\u00e7as. Contamos com uma equipe altamente treinada e capacitada para o servi\u00e7o que utiliza equipamentos vaporizadores que pulverizam nos ambientes uma solu\u00e7\u00e3o 100% [&hellip;]<\/p>\n","protected":false},"author":1,"featured_media":0,"parent":0,"menu_order":0,"comment_status":"closed","ping_status":"closed","template":"","meta":{"_et_pb_use_builder":"on","_et_pb_old_content":"","_et_gb_content_width":"","footnotes":""},"class_list":["post-75","page","type-page","status-publish","hentry"],"yoast_head":"<!-- This site is optimized with the Yoast SEO plugin v27.2 - https:\/\/yoast.com\/product\/yoast-seo-wordpress\/ -->\n<title>Sanitiza\u00e7\u00e3o de Ambientes - Pontual Conservadora<\/title>\n<meta name=\"robots\" content=\"index, follow, max-snippet:-1, max-image-preview:large, max-video-preview:-1\" \/>\n<link rel=\"canonical\" href=\"https:\/\/pontualconservadora.com.br\/site\/sanitizacao-de-ambientes\/\" \/>\n<meta property=\"og:locale\" content=\"pt_BR\" \/>\n<meta property=\"og:type\" content=\"article\" \/>\n<meta property=\"og:title\" content=\"Sanitiza\u00e7\u00e3o de Ambientes - Pontual Conservadora\" \/>\n<meta property=\"og:description\" content=\"SANITIZA\u00c7\u00c3O DE AMBIENTESA Sanitiza\u00e7\u00e3o de Ambientes da Pontual consiste em um conjunto de t\u00e9cnicas utilizadas para eliminar v\u00edrus e bact\u00e9rias dos ambientes n\u00e3o permitindo que ele n\u00e3o seja foco de transmiss\u00e3o de doen\u00e7as. Contamos com uma equipe altamente treinada e capacitada para o servi\u00e7o que utiliza equipamentos vaporizadores que pulverizam nos ambientes uma solu\u00e7\u00e3o 100% [&hellip;]\" \/>\n<meta property=\"og:url\" content=\"https:\/\/pontualconservadora.com.br\/site\/sanitizacao-de-ambientes\/\" \/>\n<meta property=\"og:site_name\" content=\"Pontual Conservadora\" \/>\n<meta property=\"article:modified_time\" content=\"2021-12-09T13:20:54+00:00\" \/>\n<meta name=\"twitter:card\" content=\"summary_large_image\" \/>\n<meta name=\"twitter:label1\" content=\"Est. tempo de leitura\" \/>\n\t<meta name=\"twitter:data1\" content=\"7 minutos\" \/>\n<script type=\"application\/ld+json\" class=\"yoast-schema-graph\">{\"@context\":\"https:\/\/schema.org\",\"@graph\":[{\"@type\":\"WebPage\",\"@id\":\"https:\/\/pontualconservadora.com.br\/site\/sanitizacao-de-ambientes\/\",\"url\":\"https:\/\/pontualconservadora.com.br\/site\/sanitizacao-de-ambientes\/\",\"name\":\"Sanitiza\u00e7\u00e3o de Ambientes - Pontual Conservadora\",\"isPartOf\":{\"@id\":\"https:\/\/pontualconservadora.com.br\/site\/#website\"},\"datePublished\":\"2021-05-12T20:30:58+00:00\",\"dateModified\":\"2021-12-09T13:20:54+00:00\",\"breadcrumb\":{\"@id\":\"https:\/\/pontualconservadora.com.br\/site\/sanitizacao-de-ambientes\/#breadcrumb\"},\"inLanguage\":\"pt-BR\",\"potentialAction\":[{\"@type\":\"ReadAction\",\"target\":[\"https:\/\/pontualconservadora.com.br\/site\/sanitizacao-de-ambientes\/\"]}]},{\"@type\":\"BreadcrumbList\",\"@id\":\"https:\/\/pontualconservadora.com.br\/site\/sanitizacao-de-ambientes\/#breadcrumb\",\"itemListElement\":[{\"@type\":\"ListItem\",\"position\":1,\"name\":\"In\u00edcio\",\"item\":\"https:\/\/pontualconservadora.com.br\/site\/\"},{\"@type\":\"ListItem\",\"position\":2,\"name\":\"Sanitiza\u00e7\u00e3o de Ambientes\"}]},{\"@type\":\"WebSite\",\"@id\":\"https:\/\/pontualconservadora.com.br\/site\/#website\",\"url\":\"https:\/\/pontualconservadora.com.br\/site\/\",\"name\":\"Pontual Conservadora\",\"description\":\"Grupo Pontual\",\"publisher\":{\"@id\":\"https:\/\/pontualconservadora.com.br\/site\/#organization\"},\"potentialAction\":[{\"@type\":\"SearchAction\",\"target\":{\"@type\":\"EntryPoint\",\"urlTemplate\":\"https:\/\/pontualconservadora.com.br\/site\/?s={search_term_string}\"},\"query-input\":{\"@type\":\"PropertyValueSpecification\",\"valueRequired\":true,\"valueName\":\"search_term_string\"}}],\"inLanguage\":\"pt-BR\"},{\"@type\":\"Organization\",\"@id\":\"https:\/\/pontualconservadora.com.br\/site\/#organization\",\"name\":\"Pontual Conservadora\",\"url\":\"https:\/\/pontualconservadora.com.br\/site\/\",\"logo\":{\"@type\":\"ImageObject\",\"inLanguage\":\"pt-BR\",\"@id\":\"https:\/\/pontualconservadora.com.br\/site\/#\/schema\/logo\/image\/\",\"url\":\"https:\/\/pontualconservadora.com.br\/site\/wp-content\/uploads\/2021\/05\/logo_pontual-conservadora.png\",\"contentUrl\":\"https:\/\/pontualconservadora.com.br\/site\/wp-content\/uploads\/2021\/05\/logo_pontual-conservadora.png\",\"width\":164,\"height\":62,\"caption\":\"Pontual Conservadora\"},\"image\":{\"@id\":\"https:\/\/pontualconservadora.com.br\/site\/#\/schema\/logo\/image\/\"}}]}<\/script>\n<!-- \/ Yoast SEO plugin. -->","yoast_head_json":{"title":"Sanitiza\u00e7\u00e3o de Ambientes - Pontual Conservadora","robots":{"index":"index","follow":"follow","max-snippet":"max-snippet:-1","max-image-preview":"max-image-preview:large","max-video-preview":"max-video-preview:-1"},"canonical":"https:\/\/pontualconservadora.com.br\/site\/sanitizacao-de-ambientes\/","og_locale":"pt_BR","og_type":"article","og_title":"Sanitiza\u00e7\u00e3o de Ambientes - Pontual Conservadora","og_description":"SANITIZA\u00c7\u00c3O DE AMBIENTESA Sanitiza\u00e7\u00e3o de Ambientes da Pontual consiste em um conjunto de t\u00e9cnicas utilizadas para eliminar v\u00edrus e bact\u00e9rias dos ambientes n\u00e3o permitindo que ele n\u00e3o seja foco de transmiss\u00e3o de doen\u00e7as. Contamos com uma equipe altamente treinada e capacitada para o servi\u00e7o que utiliza equipamentos vaporizadores que pulverizam nos ambientes uma solu\u00e7\u00e3o 100% [&hellip;]","og_url":"https:\/\/pontualconservadora.com.br\/site\/sanitizacao-de-ambientes\/","og_site_name":"Pontual Conservadora","article_modified_time":"2021-12-09T13:20:54+00:00","twitter_card":"summary_large_image","twitter_misc":{"Est. tempo de leitura":"7 minutos"},"schema":{"@context":"https:\/\/schema.org","@graph":[{"@type":"WebPage","@id":"https:\/\/pontualconservadora.com.br\/site\/sanitizacao-de-ambientes\/","url":"https:\/\/pontualconservadora.com.br\/site\/sanitizacao-de-ambientes\/","name":"Sanitiza\u00e7\u00e3o de Ambientes - Pontual Conservadora","isPartOf":{"@id":"https:\/\/pontualconservadora.com.br\/site\/#website"},"datePublished":"2021-05-12T20:30:58+00:00","dateModified":"2021-12-09T13:20:54+00:00","breadcrumb":{"@id":"https:\/\/pontualconservadora.com.br\/site\/sanitizacao-de-ambientes\/#breadcrumb"},"inLanguage":"pt-BR","potentialAction":[{"@type":"ReadAction","target":["https:\/\/pontualconservadora.com.br\/site\/sanitizacao-de-ambientes\/"]}]},{"@type":"BreadcrumbList","@id":"https:\/\/pontualconservadora.com.br\/site\/sanitizacao-de-ambientes\/#breadcrumb","itemListElement":[{"@type":"ListItem","position":1,"name":"In\u00edcio","item":"https:\/\/pontualconservadora.com.br\/site\/"},{"@type":"ListItem","position":2,"name":"Sanitiza\u00e7\u00e3o de Ambientes"}]},{"@type":"WebSite","@id":"https:\/\/pontualconservadora.com.br\/site\/#website","url":"https:\/\/pontualconservadora.com.br\/site\/","name":"Pontual Conservadora","description":"Grupo Pontual","publisher":{"@id":"https:\/\/pontualconservadora.com.br\/site\/#organization"},"potentialAction":[{"@type":"SearchAction","target":{"@type":"EntryPoint","urlTemplate":"https:\/\/pontualconservadora.com.br\/site\/?s={search_term_string}"},"query-input":{"@type":"PropertyValueSpecification","valueRequired":true,"valueName":"search_term_string"}}],"inLanguage":"pt-BR"},{"@type":"Organization","@id":"https:\/\/pontualconservadora.com.br\/site\/#organization","name":"Pontual Conservadora","url":"https:\/\/pontualconservadora.com.br\/site\/","logo":{"@type":"ImageObject","inLanguage":"pt-BR","@id":"https:\/\/pontualconservadora.com.br\/site\/#\/schema\/logo\/image\/","url":"https:\/\/pontualconservadora.com.br\/site\/wp-content\/uploads\/2021\/05\/logo_pontual-conservadora.png","contentUrl":"https:\/\/pontualconservadora.com.br\/site\/wp-content\/uploads\/2021\/05\/logo_pontual-conservadora.png","width":164,"height":62,"caption":"Pontual Conservadora"},"image":{"@id":"https:\/\/pontualconservadora.com.br\/site\/#\/schema\/logo\/image\/"}}]}},"_links":{"self":[{"href":"https:\/\/pontualconservadora.com.br\/site\/wp-json\/wp\/v2\/pages\/75","targetHints":{"allow":["GET"]}}],"collection":[{"href":"https:\/\/pontualconservadora.com.br\/site\/wp-json\/wp\/v2\/pages"}],"about":[{"href":"https:\/\/pontualconservadora.com.br\/site\/wp-json\/wp\/v2\/types\/page"}],"author":[{"embeddable":true,"href":"https:\/\/pontualconservadora.com.br\/site\/wp-json\/wp\/v2\/users\/1"}],"replies":[{"embeddable":true,"href":"https:\/\/pontualconservadora.com.br\/site\/wp-json\/wp\/v2\/comments?post=75"}],"version-history":[{"count":17,"href":"https:\/\/pontualconservadora.com.br\/site\/wp-json\/wp\/v2\/pages\/75\/revisions"}],"predecessor-version":[{"id":276,"href":"https:\/\/pontualconservadora.com.br\/site\/wp-json\/wp\/v2\/pages\/75\/revisions\/276"}],"wp:attachment":[{"href":"https:\/\/pontualconservadora.com.br\/site\/wp-json\/wp\/v2\/media?parent=75"}],"curies":[{"name":"wp","href":"https:\/\/api.w.org\/{rel}","templated":true}]}}