{"id":20,"date":"2021-05-11T22:19:01","date_gmt":"2021-05-11T22:19:01","guid":{"rendered":"https:\/\/pontualconservadora.com.br\/site\/?page_id=20"},"modified":"2025-07-30T03:40:28","modified_gmt":"2025-07-30T03:40:28","slug":"home","status":"publish","type":"page","link":"https:\/\/pontualconservadora.com.br\/site\/","title":{"rendered":"Home"},"content":{"rendered":"<p>[et_pb_section fb_built=&#8221;1&#8243; fullwidth=&#8221;on&#8221; _builder_version=&#8221;4.16&#8243; _module_preset=&#8221;default&#8221; global_colors_info=&#8221;{}&#8221;][et_pb_fullwidth_slider _builder_version=&#8221;4.16&#8243; _module_preset=&#8221;default&#8221; global_colors_info=&#8221;{}&#8221;][et_pb_slide heading=&#8221;Limpeza e Conserva\u00e7\u00e3o&#8221; button_text=&#8221;Saiba Mais&#8221; button_link=&#8221;@ET-DC@eyJkeW5hbWljIjp0cnVlLCJjb250ZW50IjoicG9zdF9saW5rX3VybF9wYWdlIiwic2V0dGluZ3MiOnsicG9zdF9pZCI6IjEzNiJ9fQ==@&#8221; use_bg_overlay=&#8221;on&#8221; use_text_overlay=&#8221;off&#8221; _builder_version=&#8221;4.16&#8243; _dynamic_attributes=&#8221;button_link&#8221; _module_preset=&#8221;default&#8221; header_font=&#8221;|700||on|||||&#8221; header_text_align=&#8221;left&#8221; header_text_color=&#8221;#FFFFFF&#8221; header_font_size=&#8221;60px&#8221; body_text_align=&#8221;left&#8221; body_text_color=&#8221;#FFFFFF&#8221; body_font_size=&#8221;25px&#8221; background_enable_color=&#8221;off&#8221; background_image=&#8221;https:\/\/pontualconservadora.com.br\/site\/wp-content\/uploads\/2021\/05\/banner-limpeza-conservacao.jpg&#8221; background_enable_image=&#8221;on&#8221; custom_button=&#8221;on&#8221; button_text_size=&#8221;24px&#8221; button_text_color=&#8221;#FFFFFF&#8221; button_border_width=&#8221;4px&#8221; button_border_color=&#8221;#00a09b&#8221; button_letter_spacing=&#8221;1px&#8221; button_font=&#8221;|700||on|||||&#8221; button_icon_color=&#8221;#FFFFFF&#8221; button_alignment=&#8221;left&#8221; button_custom_padding=&#8221;|60px||60px|true|true&#8221; text_orientation=&#8221;left&#8221; header_font_size_tablet=&#8221;60px&#8221; header_font_size_phone=&#8221;32px&#8221; header_font_size_last_edited=&#8221;on|phone&#8221; body_font_size_tablet=&#8221;25px&#8221; body_font_size_phone=&#8221;20px&#8221; body_font_size_last_edited=&#8221;on|phone&#8221; button_text_size_tablet=&#8221;24px&#8221; button_text_size_phone=&#8221;18px&#8221; button_text_size_last_edited=&#8221;on|phone&#8221; global_colors_info=&#8221;{}&#8221; button_bg_color__hover_enabled=&#8221;on|desktop&#8221; sticky_transition=&#8221;on&#8221;]<\/p>\n<p>Excelente Alternativa para Condom\u00ednios e Empresas<\/p>\n<p>[\/et_pb_slide][et_pb_slide heading=&#8221;Portaria Virtual&#8221; button_text=&#8221;Saiba Mais&#8221; button_link=&#8221;@ET-DC@eyJkeW5hbWljIjp0cnVlLCJjb250ZW50IjoicG9zdF9saW5rX3VybF9wYWdlIiwic2V0dGluZ3MiOnsicG9zdF9pZCI6IjE3OSJ9fQ==@&#8221; use_bg_overlay=&#8221;on&#8221; use_text_overlay=&#8221;off&#8221; _builder_version=&#8221;4.16&#8243; _dynamic_attributes=&#8221;button_link&#8221; _module_preset=&#8221;default&#8221; header_font=&#8221;|700||on|||||&#8221; header_text_align=&#8221;left&#8221; header_text_color=&#8221;#FFFFFF&#8221; header_font_size=&#8221;60px&#8221; body_text_align=&#8221;left&#8221; body_text_color=&#8221;#FFFFFF&#8221; body_font_size=&#8221;25px&#8221; background_enable_color=&#8221;off&#8221; background_image=&#8221;https:\/\/pontualconservadora.com.br\/site\/wp-content\/uploads\/2021\/05\/banner-portaria-virtual.jpg&#8221; background_enable_image=&#8221;on&#8221; custom_button=&#8221;on&#8221; button_text_size=&#8221;24px&#8221; button_text_color=&#8221;#FFFFFF&#8221; button_border_width=&#8221;4px&#8221; button_border_color=&#8221;#00a09b&#8221; button_letter_spacing=&#8221;1px&#8221; button_font=&#8221;|700||on|||||&#8221; button_icon_color=&#8221;#FFFFFF&#8221; button_alignment=&#8221;left&#8221; button_custom_padding=&#8221;|60px||60px|true|true&#8221; text_orientation=&#8221;left&#8221; header_font_size_tablet=&#8221;60px&#8221; header_font_size_phone=&#8221;32px&#8221; header_font_size_last_edited=&#8221;on|phone&#8221; body_font_size_tablet=&#8221;25px&#8221; body_font_size_phone=&#8221;20px&#8221; body_font_size_last_edited=&#8221;on|phone&#8221; button_text_size_tablet=&#8221;24px&#8221; button_text_size_phone=&#8221;18px&#8221; button_text_size_last_edited=&#8221;on|phone&#8221; global_colors_info=&#8221;{}&#8221; button_bg_color__hover_enabled=&#8221;on|desktop&#8221; sticky_transition=&#8221;on&#8221;]<\/p>\n<p>Muito Mais Seguran\u00e7a e Tranquilidade para Voc\u00ea<\/p>\n<p>[\/et_pb_slide][et_pb_slide heading=&#8221;SANITIZA\u00c7\u00c3O DE AMBIENTES&#8221; button_text=&#8221;Saiba Mais&#8221; button_link=&#8221;@ET-DC@eyJkeW5hbWljIjp0cnVlLCJjb250ZW50IjoicG9zdF9saW5rX3VybF9wYWdlIiwic2V0dGluZ3MiOnsicG9zdF9pZCI6Ijc1In19@&#8221; use_bg_overlay=&#8221;on&#8221; use_text_overlay=&#8221;off&#8221; _builder_version=&#8221;4.16&#8243; _dynamic_attributes=&#8221;button_link&#8221; _module_preset=&#8221;default&#8221; header_font=&#8221;|700||on|||||&#8221; header_text_align=&#8221;left&#8221; header_text_color=&#8221;#FFFFFF&#8221; header_font_size=&#8221;60px&#8221; body_text_align=&#8221;left&#8221; body_text_color=&#8221;#FFFFFF&#8221; body_font_size=&#8221;25px&#8221; background_enable_color=&#8221;off&#8221; background_image=&#8221;https:\/\/pontualconservadora.com.br\/site\/wp-content\/uploads\/2021\/05\/banner-desinfeccao-condominial.jpg&#8221; background_enable_image=&#8221;on&#8221; custom_button=&#8221;on&#8221; button_text_size=&#8221;24px&#8221; button_text_color=&#8221;#FFFFFF&#8221; button_border_width=&#8221;4px&#8221; button_border_color=&#8221;#00a09b&#8221; button_letter_spacing=&#8221;1px&#8221; button_font=&#8221;|700||on|||||&#8221; button_icon_color=&#8221;#FFFFFF&#8221; button_alignment=&#8221;left&#8221; button_custom_padding=&#8221;|60px||60px|true|true&#8221; text_orientation=&#8221;left&#8221; header_font_size_tablet=&#8221;60px&#8221; header_font_size_phone=&#8221;32px&#8221; header_font_size_last_edited=&#8221;on|phone&#8221; body_font_size_tablet=&#8221;25px&#8221; body_font_size_phone=&#8221;20px&#8221; body_font_size_last_edited=&#8221;on|phone&#8221; button_text_size_tablet=&#8221;24px&#8221; button_text_size_phone=&#8221;18px&#8221; button_text_size_last_edited=&#8221;on|phone&#8221; global_colors_info=&#8221;{}&#8221; button_bg_color__hover_enabled=&#8221;on|desktop&#8221; sticky_transition=&#8221;on&#8221;]<\/p>\n<p>Elimine os Focos de Transmiss\u00e3o do COVID-19 da sua Empresa ou Condom\u00ednio<\/p>\n<p>[\/et_pb_slide][\/et_pb_fullwidth_slider][\/et_pb_section][et_pb_section fb_built=&#8221;1&#8243; _builder_version=&#8221;4.16&#8243; _module_preset=&#8221;default&#8221; global_colors_info=&#8221;{}&#8221;][et_pb_row _builder_version=&#8221;4.16&#8243; _module_preset=&#8221;default&#8221; global_colors_info=&#8221;{}&#8221;][et_pb_column type=&#8221;4_4&#8243; _builder_version=&#8221;4.16&#8243; _module_preset=&#8221;default&#8221; global_colors_info=&#8221;{}&#8221;][et_pb_text _builder_version=&#8221;4.16&#8243; _module_preset=&#8221;default&#8221; header_2_font=&#8221;|600||on|||||&#8221; header_2_text_align=&#8221;center&#8221; header_2_text_color=&#8221;#46485C&#8221; header_2_font_size=&#8221;50px&#8221; header_2_font_size_tablet=&#8221;50px&#8221; header_2_font_size_phone=&#8221;22px&#8221; header_2_font_size_last_edited=&#8221;on|phone&#8221; global_colors_info=&#8221;{}&#8221;]<\/p>\n<h2><span class=\"light\">TERCEIRIZE COM A GENTE<\/span><\/h2>\n<p>[\/et_pb_text][et_pb_divider color=&#8221;#00A09B&#8221; divider_weight=&#8221;2px&#8221; _builder_version=&#8221;4.16&#8243; _module_preset=&#8221;default&#8221; width=&#8221;300px&#8221; max_width=&#8221;300px&#8221; module_alignment=&#8221;center&#8221; global_colors_info=&#8221;{}&#8221;][\/et_pb_divider][\/et_pb_column][\/et_pb_row][et_pb_row column_structure=&#8221;1_3,1_3,1_3&#8243; _builder_version=&#8221;4.16&#8243; _module_preset=&#8221;default&#8221; custom_padding=&#8221;||50px||false|false&#8221; border_width_bottom=&#8221;1px&#8221; border_color_bottom=&#8221;rgba(0,160,155,0.34)&#8221; global_colors_info=&#8221;{}&#8221;][et_pb_column type=&#8221;1_3&#8243; _builder_version=&#8221;4.16&#8243; _module_preset=&#8221;default&#8221; global_colors_info=&#8221;{}&#8221;][et_pb_text _builder_version=&#8221;4.16&#8243; _module_preset=&#8221;default&#8221; header_4_font=&#8221;|700||on|||||&#8221; header_4_text_color=&#8221;#46485C&#8221; header_4_font_size=&#8221;22px&#8221; header_4_line_height=&#8221;1.4em&#8221; global_colors_info=&#8221;{}&#8221;]<\/p>\n<h4>Auxiliar de servi\u00e7os gerais, Zelador, Jardineiro<\/h4>\n<p>[\/et_pb_text][et_pb_image src=&#8221;https:\/\/pontualconservadora.com.br\/site\/wp-content\/uploads\/2021\/05\/jardineiro.jpg&#8221; alt=&#8221;Auxiliar de Servi\u00e7os Gerais&#8221; title_text=&#8221;jardineiro&#8221; _builder_version=&#8221;4.16&#8243; _module_preset=&#8221;default&#8221; border_radii=&#8221;off||60px|60px|60px&#8221; global_colors_info=&#8221;{}&#8221;][\/et_pb_image][\/et_pb_column][et_pb_column type=&#8221;1_3&#8243; _builder_version=&#8221;4.16&#8243; _module_preset=&#8221;default&#8221; global_colors_info=&#8221;{}&#8221;][et_pb_image src=&#8221;https:\/\/pontualconservadora.com.br\/site\/wp-content\/uploads\/2021\/05\/portaria-virtual.jpg&#8221; alt=&#8221;Portaria Virtual&#8221; title_text=&#8221;portaria-virtual&#8221; _builder_version=&#8221;4.16&#8243; _module_preset=&#8221;default&#8221; border_radii=&#8221;off|60px|60px|60px|&#8221; global_colors_info=&#8221;{}&#8221;][\/et_pb_image][et_pb_text _builder_version=&#8221;4.16&#8243; _module_preset=&#8221;default&#8221; header_4_font=&#8221;|700||on|||||&#8221; header_4_text_color=&#8221;#46485C&#8221; header_4_font_size=&#8221;22px&#8221; header_4_line_height=&#8221;1.4em&#8221; global_colors_info=&#8221;{}&#8221;]<\/p>\n<h4>Portaria 24h, Vigia, Portaria Virtual<\/h4>\n<p>[\/et_pb_text][\/et_pb_column][et_pb_column type=&#8221;1_3&#8243; _builder_version=&#8221;4.16&#8243; _module_preset=&#8221;default&#8221; global_colors_info=&#8221;{}&#8221;][et_pb_text _builder_version=&#8221;4.16&#8243; _module_preset=&#8221;default&#8221; header_4_font=&#8221;|700||on|||||&#8221; header_4_text_color=&#8221;#46485C&#8221; header_4_font_size=&#8221;22px&#8221; header_4_line_height=&#8221;1.4em&#8221; global_colors_info=&#8221;{}&#8221;]<\/p>\n<h4>Recepcionista\/Atendente, Motorista, Office Boy, Apoio Administrativo<\/h4>\n<p>[\/et_pb_text][et_pb_image src=&#8221;https:\/\/pontualconservadora.com.br\/site\/wp-content\/uploads\/2021\/05\/apoio-administrativo.jpg&#8221; alt=&#8221;Apoio Administrativo&#8221; title_text=&#8221;apoio-administrativo&#8221; _builder_version=&#8221;4.16&#8243; _module_preset=&#8221;default&#8221; border_radii=&#8221;off||60px|60px|60px&#8221; global_colors_info=&#8221;{}&#8221;][\/et_pb_image][\/et_pb_column][\/et_pb_row][et_pb_row column_structure=&#8221;1_3,1_3,1_3&#8243; _builder_version=&#8221;4.16&#8243; _module_preset=&#8221;default&#8221; custom_padding=&#8221;50px||||false|false&#8221; global_colors_info=&#8221;{}&#8221;][et_pb_column type=&#8221;1_3&#8243; _builder_version=&#8221;4.16&#8243; _module_preset=&#8221;default&#8221; global_colors_info=&#8221;{}&#8221;][et_pb_text _builder_version=&#8221;4.16&#8243; _module_preset=&#8221;default&#8221; header_4_font=&#8221;|700||on|||||&#8221; header_4_text_color=&#8221;#46485C&#8221; header_4_font_size=&#8221;22px&#8221; header_4_line_height=&#8221;1.4em&#8221; global_colors_info=&#8221;{}&#8221;]<\/p>\n<h4>Bombeiro Hidr\u00e1ulico, Eletricista<\/h4>\n<p>[\/et_pb_text][et_pb_image src=&#8221;https:\/\/pontualconservadora.com.br\/site\/wp-content\/uploads\/2021\/05\/eletricista.jpg&#8221; alt=&#8221;Eletricista&#8221; title_text=&#8221;eletricista&#8221; _builder_version=&#8221;4.16&#8243; _module_preset=&#8221;default&#8221; border_radii=&#8221;off||60px|60px|60px&#8221; global_colors_info=&#8221;{}&#8221;][\/et_pb_image][\/et_pb_column][et_pb_column type=&#8221;1_3&#8243; _builder_version=&#8221;4.16&#8243; _module_preset=&#8221;default&#8221; global_colors_info=&#8221;{}&#8221;][et_pb_image src=&#8221;https:\/\/pontualconservadora.com.br\/site\/wp-content\/uploads\/2021\/05\/limpeza-cx-dagua.jpg&#8221; alt=&#8221;Limpeza de Caixa D&#8217;\u00e1gua&#8221; title_text=&#8221;limpeza-cx-dagua&#8221; _builder_version=&#8221;4.16&#8243; _module_preset=&#8221;default&#8221; border_radii=&#8221;off|60px|60px|60px|&#8221; global_colors_info=&#8221;{}&#8221;][\/et_pb_image][et_pb_text _builder_version=&#8221;4.16&#8243; _module_preset=&#8221;default&#8221; header_4_font=&#8221;|700||on|||||&#8221; header_4_text_color=&#8221;#46485C&#8221; header_4_font_size=&#8221;22px&#8221; header_4_line_height=&#8221;1.4em&#8221; global_colors_info=&#8221;{}&#8221;]<\/p>\n<h4>Limpeza de caixa d\u2019\u00e1gua e caixa de gordura<\/h4>\n<p>[\/et_pb_text][\/et_pb_column][et_pb_column type=&#8221;1_3&#8243; _builder_version=&#8221;4.16&#8243; _module_preset=&#8221;default&#8221; global_colors_info=&#8221;{}&#8221;][et_pb_text _builder_version=&#8221;4.16&#8243; _module_preset=&#8221;default&#8221; header_4_font=&#8221;|700||on|||||&#8221; header_4_text_color=&#8221;#46485C&#8221; header_4_font_size=&#8221;22px&#8221; header_4_line_height=&#8221;1.4em&#8221; global_colors_info=&#8221;{}&#8221;]<\/p>\n<h4>Administra\u00e7\u00e3o de condom\u00ednio<\/h4>\n<p>[\/et_pb_text][et_pb_image src=&#8221;https:\/\/pontualconservadora.com.br\/site\/wp-content\/uploads\/2021\/05\/adm-condominio.jpg&#8221; alt=&#8221;Administra\u00e7\u00e3o de Condom\u00ednio&#8221; title_text=&#8221;adm-condominio&#8221; _builder_version=&#8221;4.16&#8243; _module_preset=&#8221;default&#8221; border_radii=&#8221;off||60px|60px|60px&#8221; global_colors_info=&#8221;{}&#8221;][\/et_pb_image][\/et_pb_column][\/et_pb_row][\/et_pb_section][et_pb_section fb_built=&#8221;1&#8243; _builder_version=&#8221;4.16&#8243; _module_preset=&#8221;default&#8221; background_color=&#8221;#00A09B&#8221; global_colors_info=&#8221;{}&#8221;][et_pb_row _builder_version=&#8221;4.16&#8243; _module_preset=&#8221;default&#8221; global_colors_info=&#8221;{}&#8221;][et_pb_column type=&#8221;4_4&#8243; _builder_version=&#8221;4.16&#8243; _module_preset=&#8221;default&#8221; global_colors_info=&#8221;{}&#8221;][et_pb_button button_url=&#8221;@ET-DC@eyJkeW5hbWljIjp0cnVlLCJjb250ZW50IjoicG9zdF9saW5rX3VybF9wYWdlIiwic2V0dGluZ3MiOnsicG9zdF9pZCI6IjI0NyJ9fQ==@&#8221; button_text=&#8221;Solicite Um Or\u00e7amento&#8221; button_alignment=&#8221;center&#8221; _builder_version=&#8221;4.16&#8243; _dynamic_attributes=&#8221;button_url&#8221; _module_preset=&#8221;default&#8221; custom_button=&#8221;on&#8221; button_text_size=&#8221;26px&#8221; button_text_color=&#8221;#ffffff&#8221; button_bg_color=&#8221;#00A09B&#8221; button_border_width=&#8221;3px&#8221; button_border_radius=&#8221;60px&#8221; button_font=&#8221;|600||on|||||&#8221; button_icon_color=&#8221;#FFFFFF&#8221; custom_padding=&#8221;|150px||150px|false|true&#8221; custom_padding_tablet=&#8221;|150px||150px|false|true&#8221; custom_padding_phone=&#8221;|30px||30px|false|true&#8221; custom_padding_last_edited=&#8221;on|phone&#8221; button_text_size_tablet=&#8221;26px&#8221; button_text_size_phone=&#8221;18px&#8221; button_text_size_last_edited=&#8221;on|phone&#8221; global_colors_info=&#8221;{}&#8221;][\/et_pb_button][\/et_pb_column][\/et_pb_row][\/et_pb_section][et_pb_section fb_built=&#8221;1&#8243; _builder_version=&#8221;4.16&#8243; _module_preset=&#8221;default&#8221; custom_margin=&#8221;0px||0px||true|false&#8221; custom_padding=&#8221;0px||0px||true|false&#8221; global_colors_info=&#8221;{}&#8221;][et_pb_row column_structure=&#8221;1_2,1_2&#8243; use_custom_gutter=&#8221;on&#8221; gutter_width=&#8221;1&#8243; make_equal=&#8221;on&#8221; _builder_version=&#8221;4.16&#8243; _module_preset=&#8221;default&#8221; width=&#8221;100%&#8221; max_width=&#8221;100%&#8221; custom_padding=&#8221;0px||0px||true|false&#8221; global_colors_info=&#8221;{}&#8221;][et_pb_column type=&#8221;1_2&#8243; _builder_version=&#8221;4.16&#8243; _module_preset=&#8221;default&#8221; background_color=&#8221;#46485C&#8221; global_colors_info=&#8221;{}&#8221;][et_pb_blurb image=&#8221;https:\/\/pontualconservadora.com.br\/site\/wp-content\/uploads\/2021\/05\/Logo-Pontual-white.png&#8221; alt=&#8221;Pontual Conservadora&#8221; icon_alignment=&#8221;left&#8221; _builder_version=&#8221;4.17.4&#8243; _module_preset=&#8221;default&#8221; body_text_color=&#8221;#FFFFFF&#8221; body_font_size=&#8221;15px&#8221; custom_margin=&#8221;0px|0px|0px|0px|true|true&#8221; custom_padding=&#8221;50px|0px|50px|0px|true|true&#8221; hover_enabled=&#8221;0&#8243; global_colors_info=&#8221;{}&#8221; sticky_enabled=&#8221;0&#8243;]<\/p>\n<p>Rua Ant\u00f4nio de Albuquerque, 330<br \/>Sala 901 \u00b7 30112-010<br \/>Savassi \u00b7 Belo Horizonte \u00b7 MG<br \/>31 3412-7114<br \/>31 2526-2120<br \/>comercial@pontualconservadora.com.br<\/p>\n<p><strong>Hor\u00e1rio de funcionamento:<\/strong><br \/>Segunda a sexta: 9:00 \u2013 18:00<br \/>S\u00e1bado: 11:00 \u2013 17:00<br \/>Domingo: Fechado<\/p>\n<p>[\/et_pb_blurb][\/et_pb_column][et_pb_column type=&#8221;1_2&#8243; _builder_version=&#8221;4.16&#8243; _module_preset=&#8221;default&#8221; global_colors_info=&#8221;{}&#8221;][et_pb_code _builder_version=&#8221;4.17.4&#8243; _module_preset=&#8221;default&#8221; custom_margin=&#8221;0px|0px|0px|0px|true|true&#8221; custom_padding=&#8221;0px|0px|0px|0px|true|true&#8221; hover_enabled=&#8221;0&#8243; global_colors_info=&#8221;{}&#8221; sticky_enabled=&#8221;0&#8243;]<iframe loading=\"lazy\" src=\"https:\/\/www.google.com\/maps\/embed?pb=!1m18!1m12!1m3!1d3750.6699944791635!2d-43.93621902398309!3d-19.93830663856878!2m3!1f0!2f0!3f0!3m2!1i1024!2i768!4f13.1!3m3!1m2!1s0xa699c52f345459%3A0xd19a7487c19e644d!2sR.%20Ant%C3%B4nio%20de%20Albuquerque%2C%20330%20-%20Savassi%2C%20Belo%20Horizonte%20-%20MG%2C%2030112-010!5e0!3m2!1spt-BR!2sbr!4v1753846780479!5m2!1spt-BR!2sbr\" width=\"100%\" height=\"500\" frameborder=\"0\" style=\"border:0\" allowfullscreen><\/iframe>[\/et_pb_code][\/et_pb_column][\/et_pb_row][\/et_pb_section]<\/p>\n","protected":false},"excerpt":{"rendered":"<p>Excelente Alternativa para Condom\u00ednios e EmpresasMuito Mais Seguran\u00e7a e Tranquilidade para Voc\u00eaElimine os Focos de Transmiss\u00e3o do COVID-19 da sua Empresa ou Condom\u00ednioTERCEIRIZE COM A GENTEAuxiliar de servi\u00e7os gerais, Zelador, JardineiroPortaria 24h, Vigia, Portaria VirtualRecepcionista\/Atendente, Motorista, Office Boy, Apoio AdministrativoBombeiro Hidr\u00e1ulico, EletricistaLimpeza de caixa d\u2019\u00e1gua e caixa de gorduraAdministra\u00e7\u00e3o de condom\u00ednioRua Ant\u00f4nio de Albuquerque, 330Sala [&hellip;]<\/p>\n","protected":false},"author":1,"featured_media":0,"parent":0,"menu_order":0,"comment_status":"closed","ping_status":"closed","template":"","meta":{"_et_pb_use_builder":"on","_et_pb_old_content":"","_et_gb_content_width":"","footnotes":""},"class_list":["post-20","page","type-page","status-publish","hentry"],"yoast_head":"<!-- This site is optimized with the Yoast SEO plugin v27.2 - https:\/\/yoast.com\/product\/yoast-seo-wordpress\/ -->\n<title>Home - Pontual Conservadora<\/title>\n<meta name=\"robots\" content=\"index, follow, max-snippet:-1, max-image-preview:large, max-video-preview:-1\" \/>\n<link rel=\"canonical\" href=\"https:\/\/pontualconservadora.com.br\/site\/\" \/>\n<meta property=\"og:locale\" content=\"pt_BR\" \/>\n<meta property=\"og:type\" content=\"article\" \/>\n<meta property=\"og:title\" content=\"Home - Pontual Conservadora\" \/>\n<meta property=\"og:description\" content=\"Excelente Alternativa para Condom\u00ednios e EmpresasMuito Mais Seguran\u00e7a e Tranquilidade para Voc\u00eaElimine os Focos de Transmiss\u00e3o do COVID-19 da sua Empresa ou Condom\u00ednioTERCEIRIZE COM A GENTEAuxiliar de servi\u00e7os gerais, Zelador, JardineiroPortaria 24h, Vigia, Portaria VirtualRecepcionista\/Atendente, Motorista, Office Boy, Apoio AdministrativoBombeiro Hidr\u00e1ulico, EletricistaLimpeza de caixa d\u2019\u00e1gua e caixa de gorduraAdministra\u00e7\u00e3o de condom\u00ednioRua Ant\u00f4nio de Albuquerque, 330Sala [&hellip;]\" \/>\n<meta property=\"og:url\" content=\"https:\/\/pontualconservadora.com.br\/site\/\" \/>\n<meta property=\"og:site_name\" content=\"Pontual Conservadora\" \/>\n<meta property=\"article:modified_time\" content=\"2025-07-30T03:40:28+00:00\" \/>\n<meta name=\"twitter:card\" content=\"summary_large_image\" \/>\n<meta name=\"twitter:label1\" content=\"Est. tempo de leitura\" \/>\n\t<meta name=\"twitter:data1\" content=\"9 minutos\" \/>\n<script type=\"application\/ld+json\" class=\"yoast-schema-graph\">{\"@context\":\"https:\/\/schema.org\",\"@graph\":[{\"@type\":\"WebPage\",\"@id\":\"https:\/\/pontualconservadora.com.br\/site\/\",\"url\":\"https:\/\/pontualconservadora.com.br\/site\/\",\"name\":\"Home - Pontual Conservadora\",\"isPartOf\":{\"@id\":\"https:\/\/pontualconservadora.com.br\/site\/#website\"},\"datePublished\":\"2021-05-11T22:19:01+00:00\",\"dateModified\":\"2025-07-30T03:40:28+00:00\",\"breadcrumb\":{\"@id\":\"https:\/\/pontualconservadora.com.br\/site\/#breadcrumb\"},\"inLanguage\":\"pt-BR\",\"potentialAction\":[{\"@type\":\"ReadAction\",\"target\":[\"https:\/\/pontualconservadora.com.br\/site\/\"]}]},{\"@type\":\"BreadcrumbList\",\"@id\":\"https:\/\/pontualconservadora.com.br\/site\/#breadcrumb\",\"itemListElement\":[{\"@type\":\"ListItem\",\"position\":1,\"name\":\"In\u00edcio\",\"item\":\"https:\/\/pontualconservadora.com.br\/site\/\"},{\"@type\":\"ListItem\",\"position\":2,\"name\":\"Home\"}]},{\"@type\":\"WebSite\",\"@id\":\"https:\/\/pontualconservadora.com.br\/site\/#website\",\"url\":\"https:\/\/pontualconservadora.com.br\/site\/\",\"name\":\"Pontual Conservadora\",\"description\":\"Grupo Pontual\",\"publisher\":{\"@id\":\"https:\/\/pontualconservadora.com.br\/site\/#organization\"},\"potentialAction\":[{\"@type\":\"SearchAction\",\"target\":{\"@type\":\"EntryPoint\",\"urlTemplate\":\"https:\/\/pontualconservadora.com.br\/site\/?s={search_term_string}\"},\"query-input\":{\"@type\":\"PropertyValueSpecification\",\"valueRequired\":true,\"valueName\":\"search_term_string\"}}],\"inLanguage\":\"pt-BR\"},{\"@type\":\"Organization\",\"@id\":\"https:\/\/pontualconservadora.com.br\/site\/#organization\",\"name\":\"Pontual Conservadora\",\"url\":\"https:\/\/pontualconservadora.com.br\/site\/\",\"logo\":{\"@type\":\"ImageObject\",\"inLanguage\":\"pt-BR\",\"@id\":\"https:\/\/pontualconservadora.com.br\/site\/#\/schema\/logo\/image\/\",\"url\":\"https:\/\/pontualconservadora.com.br\/site\/wp-content\/uploads\/2021\/05\/logo_pontual-conservadora.png\",\"contentUrl\":\"https:\/\/pontualconservadora.com.br\/site\/wp-content\/uploads\/2021\/05\/logo_pontual-conservadora.png\",\"width\":164,\"height\":62,\"caption\":\"Pontual Conservadora\"},\"image\":{\"@id\":\"https:\/\/pontualconservadora.com.br\/site\/#\/schema\/logo\/image\/\"}}]}<\/script>\n<!-- \/ Yoast SEO plugin. -->","yoast_head_json":{"title":"Home - Pontual Conservadora","robots":{"index":"index","follow":"follow","max-snippet":"max-snippet:-1","max-image-preview":"max-image-preview:large","max-video-preview":"max-video-preview:-1"},"canonical":"https:\/\/pontualconservadora.com.br\/site\/","og_locale":"pt_BR","og_type":"article","og_title":"Home - Pontual Conservadora","og_description":"Excelente Alternativa para Condom\u00ednios e EmpresasMuito Mais Seguran\u00e7a e Tranquilidade para Voc\u00eaElimine os Focos de Transmiss\u00e3o do COVID-19 da sua Empresa ou Condom\u00ednioTERCEIRIZE COM A GENTEAuxiliar de servi\u00e7os gerais, Zelador, JardineiroPortaria 24h, Vigia, Portaria VirtualRecepcionista\/Atendente, Motorista, Office Boy, Apoio AdministrativoBombeiro Hidr\u00e1ulico, EletricistaLimpeza de caixa d\u2019\u00e1gua e caixa de gorduraAdministra\u00e7\u00e3o de condom\u00ednioRua Ant\u00f4nio de Albuquerque, 330Sala [&hellip;]","og_url":"https:\/\/pontualconservadora.com.br\/site\/","og_site_name":"Pontual Conservadora","article_modified_time":"2025-07-30T03:40:28+00:00","twitter_card":"summary_large_image","twitter_misc":{"Est. tempo de leitura":"9 minutos"},"schema":{"@context":"https:\/\/schema.org","@graph":[{"@type":"WebPage","@id":"https:\/\/pontualconservadora.com.br\/site\/","url":"https:\/\/pontualconservadora.com.br\/site\/","name":"Home - Pontual Conservadora","isPartOf":{"@id":"https:\/\/pontualconservadora.com.br\/site\/#website"},"datePublished":"2021-05-11T22:19:01+00:00","dateModified":"2025-07-30T03:40:28+00:00","breadcrumb":{"@id":"https:\/\/pontualconservadora.com.br\/site\/#breadcrumb"},"inLanguage":"pt-BR","potentialAction":[{"@type":"ReadAction","target":["https:\/\/pontualconservadora.com.br\/site\/"]}]},{"@type":"BreadcrumbList","@id":"https:\/\/pontualconservadora.com.br\/site\/#breadcrumb","itemListElement":[{"@type":"ListItem","position":1,"name":"In\u00edcio","item":"https:\/\/pontualconservadora.com.br\/site\/"},{"@type":"ListItem","position":2,"name":"Home"}]},{"@type":"WebSite","@id":"https:\/\/pontualconservadora.com.br\/site\/#website","url":"https:\/\/pontualconservadora.com.br\/site\/","name":"Pontual Conservadora","description":"Grupo Pontual","publisher":{"@id":"https:\/\/pontualconservadora.com.br\/site\/#organization"},"potentialAction":[{"@type":"SearchAction","target":{"@type":"EntryPoint","urlTemplate":"https:\/\/pontualconservadora.com.br\/site\/?s={search_term_string}"},"query-input":{"@type":"PropertyValueSpecification","valueRequired":true,"valueName":"search_term_string"}}],"inLanguage":"pt-BR"},{"@type":"Organization","@id":"https:\/\/pontualconservadora.com.br\/site\/#organization","name":"Pontual Conservadora","url":"https:\/\/pontualconservadora.com.br\/site\/","logo":{"@type":"ImageObject","inLanguage":"pt-BR","@id":"https:\/\/pontualconservadora.com.br\/site\/#\/schema\/logo\/image\/","url":"https:\/\/pontualconservadora.com.br\/site\/wp-content\/uploads\/2021\/05\/logo_pontual-conservadora.png","contentUrl":"https:\/\/pontualconservadora.com.br\/site\/wp-content\/uploads\/2021\/05\/logo_pontual-conservadora.png","width":164,"height":62,"caption":"Pontual Conservadora"},"image":{"@id":"https:\/\/pontualconservadora.com.br\/site\/#\/schema\/logo\/image\/"}}]}},"_links":{"self":[{"href":"https:\/\/pontualconservadora.com.br\/site\/wp-json\/wp\/v2\/pages\/20","targetHints":{"allow":["GET"]}}],"collection":[{"href":"https:\/\/pontualconservadora.com.br\/site\/wp-json\/wp\/v2\/pages"}],"about":[{"href":"https:\/\/pontualconservadora.com.br\/site\/wp-json\/wp\/v2\/types\/page"}],"author":[{"embeddable":true,"href":"https:\/\/pontualconservadora.com.br\/site\/wp-json\/wp\/v2\/users\/1"}],"replies":[{"embeddable":true,"href":"https:\/\/pontualconservadora.com.br\/site\/wp-json\/wp\/v2\/comments?post=20"}],"version-history":[{"count":28,"href":"https:\/\/pontualconservadora.com.br\/site\/wp-json\/wp\/v2\/pages\/20\/revisions"}],"predecessor-version":[{"id":302,"href":"https:\/\/pontualconservadora.com.br\/site\/wp-json\/wp\/v2\/pages\/20\/revisions\/302"}],"wp:attachment":[{"href":"https:\/\/pontualconservadora.com.br\/site\/wp-json\/wp\/v2\/media?parent=20"}],"curies":[{"name":"wp","href":"https:\/\/api.w.org\/{rel}","templated":true}]}}