{"id":179,"date":"2021-05-13T00:59:42","date_gmt":"2021-05-13T00:59:42","guid":{"rendered":"https:\/\/pontualconservadora.com.br\/site\/?page_id=179"},"modified":"2021-12-09T13:34:42","modified_gmt":"2021-12-09T13:34:42","slug":"portaria-virtual-2","status":"publish","type":"page","link":"https:\/\/pontualconservadora.com.br\/site\/portaria-virtual-2\/","title":{"rendered":"Portaria Virtual"},"content":{"rendered":"<p>[et_pb_section fb_built=&#8221;1&#8243; _builder_version=&#8221;4.9.4&#8243; _module_preset=&#8221;default&#8221; background_enable_color=&#8221;off&#8221; use_background_color_gradient=&#8221;on&#8221; background_color_gradient_start=&#8221;#333244&#8243; background_color_gradient_end=&#8221;#4ca5be&#8221; background_color_gradient_direction=&#8221;90deg&#8221; global_colors_info=&#8221;{}&#8221;][et_pb_row _builder_version=&#8221;4.9.4&#8243; _module_preset=&#8221;default&#8221; global_colors_info=&#8221;{}&#8221;][et_pb_column type=&#8221;4_4&#8243; _builder_version=&#8221;4.9.4&#8243; _module_preset=&#8221;default&#8221; global_colors_info=&#8221;{}&#8221;][et_pb_text _builder_version=&#8221;4.14.2&#8243; _module_preset=&#8221;default&#8221; header_font=&#8221;|600||on|||||&#8221; header_text_align=&#8221;center&#8221; header_text_color=&#8221;#FFFFFF&#8221; header_font_size=&#8221;56px&#8221; hover_enabled=&#8221;0&#8243; global_colors_info=&#8221;{}&#8221; header_font_size_last_edited=&#8221;on|phone&#8221; sticky_enabled=&#8221;0&#8243; header_font_size_phone=&#8221;34px&#8221; header_font_size_tablet=&#8221;56px&#8221;]<\/p>\n<h1>Portaria Virtual<\/h1>\n<p>[\/et_pb_text][\/et_pb_column][\/et_pb_row][\/et_pb_section][et_pb_section fb_built=&#8221;1&#8243; _builder_version=&#8221;4.9.4&#8243; _module_preset=&#8221;default&#8221; global_colors_info=&#8221;{}&#8221;][et_pb_row _builder_version=&#8221;4.9.4&#8243; _module_preset=&#8221;default&#8221; global_colors_info=&#8221;{}&#8221;][et_pb_column type=&#8221;4_4&#8243; _builder_version=&#8221;4.9.4&#8243; _module_preset=&#8221;default&#8221; global_colors_info=&#8221;{}&#8221;][et_pb_image src=&#8221;https:\/\/pontualconservadora.com.br\/site\/wp-content\/uploads\/2021\/05\/portaria-virtual-int.jpg&#8221; alt=&#8221;Portaria Virtual&#8221; title_text=&#8221;portaria-virtual-int&#8221; _builder_version=&#8221;4.9.4&#8243; _module_preset=&#8221;default&#8221; global_colors_info=&#8221;{}&#8221;][\/et_pb_image][\/et_pb_column][\/et_pb_row][et_pb_row _builder_version=&#8221;4.9.4&#8243; _module_preset=&#8221;default&#8221; global_colors_info=&#8221;{}&#8221;][et_pb_column type=&#8221;4_4&#8243; _builder_version=&#8221;4.9.4&#8243; _module_preset=&#8221;default&#8221; global_colors_info=&#8221;{}&#8221;][et_pb_text _builder_version=&#8221;4.9.4&#8243; _module_preset=&#8221;default&#8221; text_text_color=&#8221;#46485C&#8221; text_font_size=&#8221;20px&#8221; text_line_height=&#8221;1.6em&#8221; ul_font=&#8221;|||on|||||&#8221; ul_text_color=&#8221;#46485C&#8221; ul_font_size=&#8221;18px&#8221; ul_line_height=&#8221;1.5em&#8221; header_3_font=&#8221;|600||on|||||&#8221; header_3_text_color=&#8221;#00A09B&#8221; header_3_line_height=&#8221;1.6em&#8221; global_colors_info=&#8221;{}&#8221;]<\/p>\n<p>A <strong>Portaria Virtual<\/strong> da <strong>Pontual Conservadora<\/strong> \u00e9 um sistema completo, composto por um conjunto de c\u00e2meras de v\u00eddeo, interfones, alarmes e sensores instalados que controlam o acesso de pessoas e ve\u00edculos.<\/p>\n<p>Trata-se de uma solu\u00e7\u00e3o completa de seguran\u00e7a que permite a vigil\u00e2ncia continua das \u00e1reas monitoradas por nossos servi\u00e7os.<\/p>\n<p>&nbsp;<\/p>\n<h3>Servi\u00e7o indicado para:<\/h3>\n<ul>\n<li>Condom\u00ednios residenciais e comerciais.<\/li>\n<\/ul>\n<p>[\/et_pb_text][\/et_pb_column][\/et_pb_row][et_pb_row column_structure=&#8221;2_3,1_3&#8243; _builder_version=&#8221;4.14.2&#8243; _module_preset=&#8221;default&#8221; background_color=&#8221;#00A09B&#8221; hover_enabled=&#8221;0&#8243; border_radii=&#8221;off||250px|250px|&#8221; global_colors_info=&#8221;{}&#8221; border_radii_last_edited=&#8221;on|phone&#8221; sticky_enabled=&#8221;0&#8243; border_radii_phone=&#8221;off||200px|200px|&#8221; border_radii_tablet=&#8221;off||250px|250px|&#8221;][et_pb_column type=&#8221;2_3&#8243; _builder_version=&#8221;4.9.4&#8243; _module_preset=&#8221;default&#8221; global_colors_info=&#8221;{}&#8221;][et_pb_text _builder_version=&#8221;4.14.2&#8243; _module_preset=&#8221;default&#8221; header_2_font=&#8221;|700||on|||||&#8221; header_2_text_color=&#8221;#FFFFFF&#8221; header_2_font_size=&#8221;36px&#8221; header_2_line_height=&#8221;1.3em&#8221; header_3_font=&#8221;|700||on|||||&#8221; header_3_text_color=&#8221;#FFFFFF&#8221; header_3_font_size=&#8221;36px&#8221; header_3_line_height=&#8221;1.3em&#8221; header_4_font=&#8221;|600|||||||&#8221; header_4_text_color=&#8221;#FFFFFF&#8221; header_4_font_size=&#8221;40px&#8221; header_4_line_height=&#8221;1.1em&#8221; custom_padding=&#8221;60px|10px|15px|60px|false|false&#8221; hover_enabled=&#8221;0&#8243; global_colors_info=&#8221;{}&#8221; custom_padding_last_edited=&#8221;on|phone&#8221; sticky_enabled=&#8221;0&#8243; custom_padding_phone=&#8221;|||20px|false|false&#8221; header_3_font_size_last_edited=&#8221;on|phone&#8221; header_3_font_size_phone=&#8221;26px&#8221; header_3_line_height_last_edited=&#8221;on|phone&#8221; header_3_line_height_phone=&#8221;1.2em&#8221; header_4_font_size_last_edited=&#8221;on|phone&#8221; header_4_font_size_phone=&#8221;26px&#8221; custom_padding_tablet=&#8221;60px|10px|15px|60px|false|false&#8221; header_3_font_size_tablet=&#8221;36px&#8221; header_3_line_height_tablet=&#8221;1.3em&#8221; header_4_font_size_tablet=&#8221;40px&#8221;]<\/p>\n<h3>Seguran\u00e7a e tecnologia<\/h3>\n<h4>A Melhor Solu\u00e7\u00e3o para o Seu Condom\u00ednio!<\/h4>\n<p>[\/et_pb_text][\/et_pb_column][et_pb_column type=&#8221;1_3&#8243; _builder_version=&#8221;4.9.4&#8243; _module_preset=&#8221;default&#8221; global_colors_info=&#8221;{}&#8221;][et_pb_image src=&#8221;https:\/\/pontualconservadora.com.br\/site\/wp-content\/uploads\/2021\/05\/economia-60-condominio.png&#8221; alt=&#8221;Economia de at\u00e9 60% no condom\u00ednio&#8221; title_text=&#8221;economia-60-condominio&#8221; _builder_version=&#8221;4.14.2&#8243; _module_preset=&#8221;default&#8221; max_width=&#8221;250px&#8221; hover_enabled=&#8221;0&#8243; global_colors_info=&#8221;{}&#8221; max_width_last_edited=&#8221;on|phone&#8221; sticky_enabled=&#8221;0&#8243; max_width_phone=&#8221;200px&#8221; module_alignment_last_edited=&#8221;on|phone&#8221; module_alignment_phone=&#8221;center&#8221; max_width_tablet=&#8221;250px&#8221;][\/et_pb_image][\/et_pb_column][\/et_pb_row][et_pb_row _builder_version=&#8221;4.9.4&#8243; _module_preset=&#8221;default&#8221; custom_margin=&#8221;30px||5px||false|false&#8221; custom_padding=&#8221;||0px||false|false&#8221; global_colors_info=&#8221;{}&#8221;][et_pb_column type=&#8221;4_4&#8243; _builder_version=&#8221;4.9.4&#8243; _module_preset=&#8221;default&#8221; global_colors_info=&#8221;{}&#8221;][et_pb_text _builder_version=&#8221;4.9.4&#8243; _module_preset=&#8221;default&#8221; text_text_color=&#8221;#46485C&#8221; text_font_size=&#8221;20px&#8221; text_line_height=&#8221;1.6em&#8221; ul_font=&#8221;||||||||&#8221; ul_text_color=&#8221;#46485C&#8221; ul_font_size=&#8221;21px&#8221; ul_line_height=&#8221;1.7em&#8221; header_3_font=&#8221;|700||on|on||||&#8221; header_3_text_color=&#8221;#00A09B&#8221; header_3_font_size=&#8221;26px&#8221; header_3_line_height=&#8221;1.6em&#8221; global_colors_info=&#8221;{}&#8221;]<\/p>\n<h3>Aqui na Pontual voc\u00ea ainda encontra:<\/h3>\n<ul>\n<li>\n<p>Solu\u00e7\u00e3o completa, de f\u00e1cil instala\u00e7\u00e3o, criada especi\ufb01camente para portaria remota.<\/p>\n<\/li>\n<li>\n<p>Central de atendimento com infraestrutura completa, mais de 4 anos de mercado, com uma equipe experiente no setor de monitoramento.<\/p>\n<\/li>\n<li>\n<p>Software pr\u00f3prio para atendimento \u00e1gil e personalizado<\/p>\n<\/li>\n<\/ul>\n<p>[\/et_pb_text][\/et_pb_column][\/et_pb_row][et_pb_row _builder_version=&#8221;4.9.4&#8243; _module_preset=&#8221;default&#8221; custom_margin=&#8221;||5px||false|false&#8221; custom_padding=&#8221;||0px||false|false&#8221; global_colors_info=&#8221;{}&#8221;][et_pb_column type=&#8221;4_4&#8243; _builder_version=&#8221;4.9.4&#8243; _module_preset=&#8221;default&#8221; global_colors_info=&#8221;{}&#8221;][et_pb_text _builder_version=&#8221;4.9.4&#8243; _module_preset=&#8221;default&#8221; text_font=&#8221;|600||on|||||&#8221; text_text_color=&#8221;#FFFFFF&#8221; text_font_size=&#8221;26px&#8221; text_line_height=&#8221;1.4em&#8221; background_enable_color=&#8221;off&#8221; use_background_color_gradient=&#8221;on&#8221; background_color_gradient_start=&#8221;#333244&#8243; background_color_gradient_end=&#8221;#4ca5be&#8221; background_color_gradient_direction=&#8221;90deg&#8221; text_orientation=&#8221;center&#8221; custom_margin=&#8221;||0px||false|false&#8221; custom_padding=&#8221;20px|40px|20px|40px|true|true&#8221; global_colors_info=&#8221;{}&#8221;]<\/p>\n<p>Oferecemos solu\u00e7\u00f5es customizadas e sob medida<\/p>\n<p>[\/et_pb_text][\/et_pb_column][\/et_pb_row][et_pb_row column_structure=&#8221;1_2,1_2&#8243; _builder_version=&#8221;4.9.4&#8243; _module_preset=&#8221;default&#8221; custom_padding=&#8221;60px||||false|false&#8221; border_width_top=&#8221;2px&#8221; border_color_top=&#8221;#00A09B&#8221; global_colors_info=&#8221;{}&#8221;][et_pb_column type=&#8221;1_2&#8243; _builder_version=&#8221;4.9.4&#8243; _module_preset=&#8221;default&#8221; global_colors_info=&#8221;{}&#8221;][et_pb_text _builder_version=&#8221;4.9.4&#8243; _module_preset=&#8221;default&#8221; header_3_font=&#8221;|700||on|||||&#8221; header_3_text_color=&#8221;#00A09B&#8221; global_colors_info=&#8221;{}&#8221;]<\/p>\n<h3>Solicite agora mesmo um Or\u00e7amento:<\/h3>\n<p>[\/et_pb_text][et_pb_image src=&#8221;https:\/\/pontualconservadora.com.br\/site\/wp-content\/uploads\/2021\/05\/logo-portaria-virtual.png&#8221; alt=&#8221;Portaria Virtual&#8221; title_text=&#8221;logo-portaria-virtual&#8221; _builder_version=&#8221;4.9.4&#8243; _module_preset=&#8221;default&#8221; global_colors_info=&#8221;{}&#8221;][\/et_pb_image][et_pb_blurb title=&#8221;(31) 3412 7114&#8243; use_icon=&#8221;on&#8221; font_icon=&#8221;&#xe090;||divi||400&#8243; icon_color=&#8221;#00A09B&#8221; icon_placement=&#8221;left&#8221; _builder_version=&#8221;4.13.0&#8243; _module_preset=&#8221;default&#8221; header_font=&#8221;|600|||||||&#8221; header_text_color=&#8221;#46485C&#8221; header_font_size=&#8221;28px&#8221; custom_margin=&#8221;0px||10px||false|false&#8221; custom_padding=&#8221;0px||0px||true|false&#8221; global_colors_info=&#8221;{}&#8221;][\/et_pb_blurb][et_pb_blurb title=&#8221;(31) 9805-4119&#8243; use_icon=&#8221;on&#8221; font_icon=&#8221;&#xe065;||divi||400&#8243; icon_color=&#8221;#00A09B&#8221; icon_placement=&#8221;left&#8221; _builder_version=&#8221;4.13.0&#8243; _module_preset=&#8221;default&#8221; header_font=&#8221;|600|||||||&#8221; header_text_color=&#8221;#46485C&#8221; header_font_size=&#8221;28px&#8221; custom_margin=&#8221;0px||10px||false|false&#8221; custom_padding=&#8221;0px||0px||true|false&#8221; global_colors_info=&#8221;{}&#8221;][\/et_pb_blurb][et_pb_blurb title=&#8221;comercial@pontualconservadora.com.br&#8221; use_icon=&#8221;on&#8221; font_icon=&#8221;&#xe076;||divi||400&#8243; icon_color=&#8221;#00A09B&#8221; icon_placement=&#8221;left&#8221; _builder_version=&#8221;4.14.2&#8243; _module_preset=&#8221;default&#8221; header_font=&#8221;|600|||||||&#8221; header_text_color=&#8221;#46485C&#8221; header_font_size=&#8221;18px&#8221; header_line_height=&#8221;1.7em&#8221; custom_margin=&#8221;0px||10px||false|false&#8221; custom_padding=&#8221;0px||0px||true|false&#8221; hover_enabled=&#8221;0&#8243; global_colors_info=&#8221;{}&#8221; header_font_size_last_edited=&#8221;on|phone&#8221; sticky_enabled=&#8221;0&#8243; header_font_size_phone=&#8221;13px&#8221; header_font_size_tablet=&#8221;18px&#8221;][\/et_pb_blurb][\/et_pb_column][et_pb_column type=&#8221;1_2&#8243; _builder_version=&#8221;4.9.4&#8243; _module_preset=&#8221;default&#8221; global_colors_info=&#8221;{}&#8221;][et_pb_text _builder_version=&#8221;4.9.4&#8243; _module_preset=&#8221;default&#8221; text_font=&#8221;|600||on|||||&#8221; text_text_color=&#8221;#46485C&#8221; text_font_size=&#8221;18px&#8221; custom_margin=&#8221;||||false|false&#8221; global_colors_info=&#8221;{}&#8221;]<\/p>\n<p>Ou Solicite um contato de nossos consultores:<\/p>\n<p>[\/et_pb_text][et_pb_code _builder_version=&#8221;4.9.4&#8243; _module_preset=&#8221;default&#8221; global_colors_info=&#8221;{}&#8221;]\n<div class=\"wpcf7 no-js\" id=\"wpcf7-f177-o1\" lang=\"pt-BR\" dir=\"ltr\" data-wpcf7-id=\"177\">\n<div class=\"screen-reader-response\"><p role=\"status\" aria-live=\"polite\" aria-atomic=\"true\"><\/p> <ul><\/ul><\/div>\n<form action=\"\/site\/wp-json\/wp\/v2\/pages\/179#wpcf7-f177-o1\" method=\"post\" class=\"wpcf7-form init\" aria-label=\"Formul\u00e1rios de contato\" novalidate=\"novalidate\" data-status=\"init\">\n<div style=\"display: none;\">\n<input type=\"hidden\" name=\"_wpcf7\" value=\"177\" \/>\n<input type=\"hidden\" name=\"_wpcf7_version\" value=\"6.0.6\" \/>\n<input type=\"hidden\" name=\"_wpcf7_locale\" value=\"pt_BR\" \/>\n<input type=\"hidden\" name=\"_wpcf7_unit_tag\" value=\"wpcf7-f177-o1\" \/>\n<input type=\"hidden\" name=\"_wpcf7_container_post\" value=\"0\" \/>\n<input type=\"hidden\" name=\"_wpcf7_posted_data_hash\" value=\"\" \/>\n<input type=\"hidden\" name=\"_wpcf7_recaptcha_response\" value=\"\" \/>\n<\/div>\n<div class=\"form\">\n\t<p><label> Nome (obrigat\u00f3rio)<br \/>\n<span class=\"wpcf7-form-control-wrap\" data-name=\"your-name\"><input size=\"40\" maxlength=\"400\" class=\"wpcf7-form-control wpcf7-text wpcf7-validates-as-required txt\" aria-required=\"true\" aria-invalid=\"false\" value=\"\" type=\"text\" name=\"your-name\" \/><\/span> <\/label>\n\t<\/p>\n\t<p><label> E-mail (obrigat\u00f3rio)<br \/>\n<span class=\"wpcf7-form-control-wrap\" data-name=\"your-email\"><input size=\"40\" maxlength=\"400\" class=\"wpcf7-form-control wpcf7-email wpcf7-validates-as-required wpcf7-text wpcf7-validates-as-email txt\" aria-required=\"true\" aria-invalid=\"false\" value=\"\" type=\"email\" name=\"your-email\" \/><\/span> <\/label>\n\t<\/p>\n\t<p><label> Telefone de Contato (obrigat\u00f3rio)<br \/>\n<span class=\"wpcf7-form-control-wrap\" data-name=\"telefone\"><input size=\"40\" maxlength=\"400\" class=\"wpcf7-form-control wpcf7-text wpcf7-validates-as-required txt\" aria-required=\"true\" aria-invalid=\"false\" value=\"\" type=\"text\" name=\"telefone\" \/><\/span> <\/label>\n\t<\/p>\n<span class=\"wpcf7-form-control-wrap recaptcha\"><span data-sitekey=\"6LfsT9IaAAAAAEbYUBvp4OnMtRLDj2WN8DlIk91J\" class=\"wpcf7-form-control wpcf7-recaptcha g-recaptcha\"><\/span>\r\n<noscript>\r\n\t<div class=\"grecaptcha-noscript\">\r\n\t\t<iframe loading=\"lazy\" src=\"https:\/\/www.google.com\/recaptcha\/api\/fallback?k=6LfsT9IaAAAAAEbYUBvp4OnMtRLDj2WN8DlIk91J\" frameborder=\"0\" scrolling=\"no\" width=\"310\" height=\"430\">\r\n\t\t<\/iframe>\r\n\t\t<textarea name=\"g-recaptcha-response\" rows=\"3\" cols=\"40\" placeholder=\"reCaptcha Response Here\">\r\n\t\t<\/textarea>\r\n\t<\/div>\r\n<\/noscript>\r\n<\/span>\n\t<p><input class=\"wpcf7-form-control wpcf7-submit has-spinner btForm\" type=\"submit\" value=\"Enviar\" \/>\n\t<\/p>\n<\/div><div class=\"wpcf7-response-output\" aria-hidden=\"true\"><\/div>\n<\/form>\n<\/div>\n[\/et_pb_code][\/et_pb_column][\/et_pb_row][\/et_pb_section]<\/p>\n","protected":false},"excerpt":{"rendered":"<p>Portaria VirtualA Portaria Virtual da Pontual Conservadora \u00e9 um sistema completo, composto por um conjunto de c\u00e2meras de v\u00eddeo, interfones, alarmes e sensores instalados que controlam o acesso de pessoas e ve\u00edculos. Trata-se de uma solu\u00e7\u00e3o completa de seguran\u00e7a que permite a vigil\u00e2ncia continua das \u00e1reas monitoradas por nossos servi\u00e7os. &nbsp; Servi\u00e7o indicado para: Condom\u00ednios [&hellip;]<\/p>\n","protected":false},"author":1,"featured_media":0,"parent":0,"menu_order":0,"comment_status":"closed","ping_status":"closed","template":"","meta":{"_et_pb_use_builder":"on","_et_pb_old_content":"","_et_gb_content_width":"","footnotes":""},"class_list":["post-179","page","type-page","status-publish","hentry"],"yoast_head":"<!-- This site is optimized with the Yoast SEO plugin v27.2 - https:\/\/yoast.com\/product\/yoast-seo-wordpress\/ -->\n<title>Portaria Virtual - Pontual Conservadora<\/title>\n<meta name=\"robots\" content=\"index, follow, max-snippet:-1, max-image-preview:large, max-video-preview:-1\" \/>\n<link rel=\"canonical\" href=\"https:\/\/pontualconservadora.com.br\/site\/portaria-virtual-2\/\" \/>\n<meta property=\"og:locale\" content=\"pt_BR\" \/>\n<meta property=\"og:type\" content=\"article\" \/>\n<meta property=\"og:title\" content=\"Portaria Virtual - Pontual Conservadora\" \/>\n<meta property=\"og:description\" content=\"Portaria VirtualA Portaria Virtual da Pontual Conservadora \u00e9 um sistema completo, composto por um conjunto de c\u00e2meras de v\u00eddeo, interfones, alarmes e sensores instalados que controlam o acesso de pessoas e ve\u00edculos. Trata-se de uma solu\u00e7\u00e3o completa de seguran\u00e7a que permite a vigil\u00e2ncia continua das \u00e1reas monitoradas por nossos servi\u00e7os. &nbsp; Servi\u00e7o indicado para: Condom\u00ednios [&hellip;]\" \/>\n<meta property=\"og:url\" content=\"https:\/\/pontualconservadora.com.br\/site\/portaria-virtual-2\/\" \/>\n<meta property=\"og:site_name\" content=\"Pontual Conservadora\" \/>\n<meta property=\"article:modified_time\" content=\"2021-12-09T13:34:42+00:00\" \/>\n<meta name=\"twitter:card\" content=\"summary_large_image\" \/>\n<meta name=\"twitter:label1\" content=\"Est. tempo de leitura\" \/>\n\t<meta name=\"twitter:data1\" content=\"6 minutos\" \/>\n<script type=\"application\/ld+json\" class=\"yoast-schema-graph\">{\"@context\":\"https:\/\/schema.org\",\"@graph\":[{\"@type\":\"WebPage\",\"@id\":\"https:\/\/pontualconservadora.com.br\/site\/portaria-virtual-2\/\",\"url\":\"https:\/\/pontualconservadora.com.br\/site\/portaria-virtual-2\/\",\"name\":\"Portaria Virtual - Pontual Conservadora\",\"isPartOf\":{\"@id\":\"https:\/\/pontualconservadora.com.br\/site\/#website\"},\"datePublished\":\"2021-05-13T00:59:42+00:00\",\"dateModified\":\"2021-12-09T13:34:42+00:00\",\"breadcrumb\":{\"@id\":\"https:\/\/pontualconservadora.com.br\/site\/portaria-virtual-2\/#breadcrumb\"},\"inLanguage\":\"pt-BR\",\"potentialAction\":[{\"@type\":\"ReadAction\",\"target\":[\"https:\/\/pontualconservadora.com.br\/site\/portaria-virtual-2\/\"]}]},{\"@type\":\"BreadcrumbList\",\"@id\":\"https:\/\/pontualconservadora.com.br\/site\/portaria-virtual-2\/#breadcrumb\",\"itemListElement\":[{\"@type\":\"ListItem\",\"position\":1,\"name\":\"In\u00edcio\",\"item\":\"https:\/\/pontualconservadora.com.br\/site\/\"},{\"@type\":\"ListItem\",\"position\":2,\"name\":\"Portaria Virtual\"}]},{\"@type\":\"WebSite\",\"@id\":\"https:\/\/pontualconservadora.com.br\/site\/#website\",\"url\":\"https:\/\/pontualconservadora.com.br\/site\/\",\"name\":\"Pontual Conservadora\",\"description\":\"Grupo Pontual\",\"publisher\":{\"@id\":\"https:\/\/pontualconservadora.com.br\/site\/#organization\"},\"potentialAction\":[{\"@type\":\"SearchAction\",\"target\":{\"@type\":\"EntryPoint\",\"urlTemplate\":\"https:\/\/pontualconservadora.com.br\/site\/?s={search_term_string}\"},\"query-input\":{\"@type\":\"PropertyValueSpecification\",\"valueRequired\":true,\"valueName\":\"search_term_string\"}}],\"inLanguage\":\"pt-BR\"},{\"@type\":\"Organization\",\"@id\":\"https:\/\/pontualconservadora.com.br\/site\/#organization\",\"name\":\"Pontual Conservadora\",\"url\":\"https:\/\/pontualconservadora.com.br\/site\/\",\"logo\":{\"@type\":\"ImageObject\",\"inLanguage\":\"pt-BR\",\"@id\":\"https:\/\/pontualconservadora.com.br\/site\/#\/schema\/logo\/image\/\",\"url\":\"https:\/\/pontualconservadora.com.br\/site\/wp-content\/uploads\/2021\/05\/logo_pontual-conservadora.png\",\"contentUrl\":\"https:\/\/pontualconservadora.com.br\/site\/wp-content\/uploads\/2021\/05\/logo_pontual-conservadora.png\",\"width\":164,\"height\":62,\"caption\":\"Pontual Conservadora\"},\"image\":{\"@id\":\"https:\/\/pontualconservadora.com.br\/site\/#\/schema\/logo\/image\/\"}}]}<\/script>\n<!-- \/ Yoast SEO plugin. -->","yoast_head_json":{"title":"Portaria Virtual - Pontual Conservadora","robots":{"index":"index","follow":"follow","max-snippet":"max-snippet:-1","max-image-preview":"max-image-preview:large","max-video-preview":"max-video-preview:-1"},"canonical":"https:\/\/pontualconservadora.com.br\/site\/portaria-virtual-2\/","og_locale":"pt_BR","og_type":"article","og_title":"Portaria Virtual - Pontual Conservadora","og_description":"Portaria VirtualA Portaria Virtual da Pontual Conservadora \u00e9 um sistema completo, composto por um conjunto de c\u00e2meras de v\u00eddeo, interfones, alarmes e sensores instalados que controlam o acesso de pessoas e ve\u00edculos. Trata-se de uma solu\u00e7\u00e3o completa de seguran\u00e7a que permite a vigil\u00e2ncia continua das \u00e1reas monitoradas por nossos servi\u00e7os. &nbsp; Servi\u00e7o indicado para: Condom\u00ednios [&hellip;]","og_url":"https:\/\/pontualconservadora.com.br\/site\/portaria-virtual-2\/","og_site_name":"Pontual Conservadora","article_modified_time":"2021-12-09T13:34:42+00:00","twitter_card":"summary_large_image","twitter_misc":{"Est. tempo de leitura":"6 minutos"},"schema":{"@context":"https:\/\/schema.org","@graph":[{"@type":"WebPage","@id":"https:\/\/pontualconservadora.com.br\/site\/portaria-virtual-2\/","url":"https:\/\/pontualconservadora.com.br\/site\/portaria-virtual-2\/","name":"Portaria Virtual - Pontual Conservadora","isPartOf":{"@id":"https:\/\/pontualconservadora.com.br\/site\/#website"},"datePublished":"2021-05-13T00:59:42+00:00","dateModified":"2021-12-09T13:34:42+00:00","breadcrumb":{"@id":"https:\/\/pontualconservadora.com.br\/site\/portaria-virtual-2\/#breadcrumb"},"inLanguage":"pt-BR","potentialAction":[{"@type":"ReadAction","target":["https:\/\/pontualconservadora.com.br\/site\/portaria-virtual-2\/"]}]},{"@type":"BreadcrumbList","@id":"https:\/\/pontualconservadora.com.br\/site\/portaria-virtual-2\/#breadcrumb","itemListElement":[{"@type":"ListItem","position":1,"name":"In\u00edcio","item":"https:\/\/pontualconservadora.com.br\/site\/"},{"@type":"ListItem","position":2,"name":"Portaria Virtual"}]},{"@type":"WebSite","@id":"https:\/\/pontualconservadora.com.br\/site\/#website","url":"https:\/\/pontualconservadora.com.br\/site\/","name":"Pontual Conservadora","description":"Grupo Pontual","publisher":{"@id":"https:\/\/pontualconservadora.com.br\/site\/#organization"},"potentialAction":[{"@type":"SearchAction","target":{"@type":"EntryPoint","urlTemplate":"https:\/\/pontualconservadora.com.br\/site\/?s={search_term_string}"},"query-input":{"@type":"PropertyValueSpecification","valueRequired":true,"valueName":"search_term_string"}}],"inLanguage":"pt-BR"},{"@type":"Organization","@id":"https:\/\/pontualconservadora.com.br\/site\/#organization","name":"Pontual Conservadora","url":"https:\/\/pontualconservadora.com.br\/site\/","logo":{"@type":"ImageObject","inLanguage":"pt-BR","@id":"https:\/\/pontualconservadora.com.br\/site\/#\/schema\/logo\/image\/","url":"https:\/\/pontualconservadora.com.br\/site\/wp-content\/uploads\/2021\/05\/logo_pontual-conservadora.png","contentUrl":"https:\/\/pontualconservadora.com.br\/site\/wp-content\/uploads\/2021\/05\/logo_pontual-conservadora.png","width":164,"height":62,"caption":"Pontual Conservadora"},"image":{"@id":"https:\/\/pontualconservadora.com.br\/site\/#\/schema\/logo\/image\/"}}]}},"_links":{"self":[{"href":"https:\/\/pontualconservadora.com.br\/site\/wp-json\/wp\/v2\/pages\/179","targetHints":{"allow":["GET"]}}],"collection":[{"href":"https:\/\/pontualconservadora.com.br\/site\/wp-json\/wp\/v2\/pages"}],"about":[{"href":"https:\/\/pontualconservadora.com.br\/site\/wp-json\/wp\/v2\/types\/page"}],"author":[{"embeddable":true,"href":"https:\/\/pontualconservadora.com.br\/site\/wp-json\/wp\/v2\/users\/1"}],"replies":[{"embeddable":true,"href":"https:\/\/pontualconservadora.com.br\/site\/wp-json\/wp\/v2\/comments?post=179"}],"version-history":[{"count":6,"href":"https:\/\/pontualconservadora.com.br\/site\/wp-json\/wp\/v2\/pages\/179\/revisions"}],"predecessor-version":[{"id":281,"href":"https:\/\/pontualconservadora.com.br\/site\/wp-json\/wp\/v2\/pages\/179\/revisions\/281"}],"wp:attachment":[{"href":"https:\/\/pontualconservadora.com.br\/site\/wp-json\/wp\/v2\/media?parent=179"}],"curies":[{"name":"wp","href":"https:\/\/api.w.org\/{rel}","templated":true}]}}